{"id":9,"date":"2018-11-26T12:46:44","date_gmt":"2018-11-26T12:46:44","guid":{"rendered":"https:\/\/coop-dots.com\/projects\/"},"modified":"2025-08-21T09:47:55","modified_gmt":"2025-08-21T08:47:55","slug":"projects","status":"publish","type":"page","link":"https:\/\/coop-dots.com\/pt\/projects\/","title":{"rendered":"Projetos"},"content":{"rendered":"<div data-elementor-type=\"wp-post\" data-elementor-id=\"9\" class=\"elementor elementor-9\">\n\t\t\t\t\t\t<div class=\"elementor-inner\">\n\t\t\t\t<div class=\"elementor-section-wrap\">\n\t\t\t\t\t\t\t\t\t<section class=\"elementor-section elementor-top-section elementor-element elementor-element-8e491de elementor-section-content-middle elementor-section-boxed elementor-section-height-default elementor-section-height-default\" data-id=\"8e491de\" data-element_type=\"section\" data-settings=\"{&quot;background_background&quot;:&quot;classic&quot;}\">\n\t\t\t\t\t\t\t<div class=\"elementor-background-overlay\"><\/div>\n\t\t\t\t\t\t\t<div class=\"elementor-container elementor-column-gap-no\">\n\t\t\t\t\t\t\t<div class=\"elementor-row\">\n\t\t\t\t\t<div class=\"elementor-column elementor-col-100 elementor-top-column elementor-element elementor-element-fb027eb\" data-id=\"fb027eb\" data-element_type=\"column\">\n\t\t\t<div class=\"elementor-column-wrap elementor-element-populated\">\n\t\t\t\t\t\t\t<div class=\"elementor-widget-wrap\">\n\t\t\t\t\t\t<div class=\"elementor-element elementor-element-02d282c elementor-widget elementor-widget-heading\" data-id=\"02d282c\" data-element_type=\"widget\" data-widget_type=\"heading.default\">\n\t\t\t\t<div class=\"elementor-widget-container\">\n\t\t\t<h1 class=\"elementor-heading-title elementor-size-default\">Projetos<\/h1>\t\t<\/div>\n\t\t\t\t<\/div>\n\t\t\t\t\t\t<\/div>\n\t\t\t\t\t<\/div>\n\t\t<\/div>\n\t\t\t\t\t\t\t\t<\/div>\n\t\t\t\t\t<\/div>\n\t\t<\/section>\n\t\t\t\t<section class=\"elementor-section elementor-top-section elementor-element elementor-element-deacf28 elementor-section-content-top elementor-section-boxed elementor-section-height-default elementor-section-height-default\" data-id=\"deacf28\" data-element_type=\"section\" data-settings=\"{&quot;background_background&quot;:&quot;classic&quot;}\">\n\t\t\t\t\t\t<div class=\"elementor-container elementor-column-gap-no\">\n\t\t\t\t\t\t\t<div class=\"elementor-row\">\n\t\t\t\t\t<div class=\"elementor-column elementor-col-50 elementor-top-column elementor-element elementor-element-532b1a3\" data-id=\"532b1a3\" data-element_type=\"column\">\n\t\t\t<div class=\"elementor-column-wrap elementor-element-populated\">\n\t\t\t\t\t\t\t<div class=\"elementor-widget-wrap\">\n\t\t\t\t\t\t<div class=\"elementor-element elementor-element-63ed4e1 elementor-widget elementor-widget-image\" data-id=\"63ed4e1\" data-element_type=\"widget\" data-widget_type=\"image.default\">\n\t\t\t\t<div class=\"elementor-widget-container\">\n\t\t\t\t\t\t\t\t<div class=\"elementor-image\">\n\t\t\t\t\t\t\t\t\t\t\t\t<img loading=\"lazy\" decoding=\"async\" width=\"768\" height=\"434\" src=\"https:\/\/coop-dots.com\/wp-content\/uploads\/2023\/04\/never-stop-learning-continuing-education-learning-3653430-768x434.jpg\" class=\"attachment-medium_large size-medium_large wp-image-2404\" alt=\"never stop learning, continuing education, learning-3653430.jpg\" srcset=\"https:\/\/coop-dots.com\/wp-content\/uploads\/2023\/04\/never-stop-learning-continuing-education-learning-3653430-768x434.jpg 768w, https:\/\/coop-dots.com\/wp-content\/uploads\/2023\/04\/never-stop-learning-continuing-education-learning-3653430-300x170.jpg 300w, https:\/\/coop-dots.com\/wp-content\/uploads\/2023\/04\/never-stop-learning-continuing-education-learning-3653430-1024x579.jpg 1024w, https:\/\/coop-dots.com\/wp-content\/uploads\/2023\/04\/never-stop-learning-continuing-education-learning-3653430-18x10.jpg 18w, https:\/\/coop-dots.com\/wp-content\/uploads\/2023\/04\/never-stop-learning-continuing-education-learning-3653430.jpg 1280w\" sizes=\"auto, (max-width: 768px) 100vw, 768px\" \/>\t\t\t\t\t\t\t\t\t\t\t\t\t\t<\/div>\n\t\t\t\t\t\t<\/div>\n\t\t\t\t<\/div>\n\t\t\t\t<div class=\"elementor-element elementor-element-7a6f049 elementor-widget elementor-widget-heading\" data-id=\"7a6f049\" data-element_type=\"widget\" data-widget_type=\"heading.default\">\n\t\t\t\t<div class=\"elementor-widget-container\">\n\t\t\t<h4 class=\"elementor-heading-title elementor-size-default\">\"EASY AND APPEALING ONLINE\/DIGITAL\nEDUCATION FOR YOUTH WORK WITH MARGINALISED\nYOUNGSTERS AND THEIR PARENTS\"<\/h4>\t\t<\/div>\n\t\t\t\t<\/div>\n\t\t\t\t<div class=\"elementor-element elementor-element-cce07c5 elementor-widget elementor-widget-text-editor\" data-id=\"cce07c5\" data-element_type=\"widget\" data-widget_type=\"text-editor.default\">\n\t\t\t\t<div class=\"elementor-widget-container\">\n\t\t\t\t\t\t\t\t<div class=\"elementor-text-editor elementor-clearfix\">\n\t\t\t\t<p>O projeto destina-se a melhorar as compet\u00eancias digitais de jovens com antecedentes marginalizados (e dos seus pais).<\/p><p>O nosso objetivo \u00e9 tamb\u00e9m encorajar e capacitar mais jovens trabalhadores para organizar atividades de educa\u00e7\u00e3o online\/digital f\u00e1ceis e atrativas para os  jovens marginalizados, em linha com as mais recentes atualiza\u00e7\u00f5es e inova\u00e7\u00f5es no campo.<\/p><p>Este projeto foi coordenado pela DOTS em parceria com as organiza\u00e7\u00f5es Centar za Savremene e LINK DMT (It\u00e1lia), co-financiado pelo programa Erasmus+.<\/p><p>Consulte os resultados do projeto:<\/p><p><strong><a href=\"https:\/\/drive.google.com\/file\/d\/1YYiKXm44ZZhLjCQUM_uZC8i63HoWeEom\/view?usp=share_link\">Curriculum onlineEDU<\/a><\/strong><\/p><p><strong><a href=\"https:\/\/drive.google.com\/file\/d\/1graRjPKYUUzjFbU5LLEttXRS1TDoLEDe\/view?usp=sharing\">Toolkit onlineEDU<\/a><\/strong><\/p>\t\t\t\t\t<\/div>\n\t\t\t\t\t\t<\/div>\n\t\t\t\t<\/div>\n\t\t\t\t\t\t<\/div>\n\t\t\t\t\t<\/div>\n\t\t<\/div>\n\t\t\t\t<div class=\"elementor-column elementor-col-50 elementor-top-column elementor-element elementor-element-783a841\" data-id=\"783a841\" data-element_type=\"column\">\n\t\t\t<div class=\"elementor-column-wrap elementor-element-populated\">\n\t\t\t\t\t\t\t<div class=\"elementor-widget-wrap\">\n\t\t\t\t\t\t<div class=\"elementor-element elementor-element-239795e elementor-widget elementor-widget-image\" data-id=\"239795e\" data-element_type=\"widget\" data-widget_type=\"image.default\">\n\t\t\t\t<div class=\"elementor-widget-container\">\n\t\t\t\t\t\t\t\t<div class=\"elementor-image\">\n\t\t\t\t\t\t\t\t\t\t\t\t<img loading=\"lazy\" decoding=\"async\" width=\"1920\" height=\"1440\" src=\"https:\/\/coop-dots.com\/wp-content\/uploads\/2023\/04\/WhatsApp-Image-2023-04-14-at-15.19.25-e1681742897489.jpeg\" class=\"attachment-full size-full wp-image-2393\" alt=\"\" \/>\t\t\t\t\t\t\t\t\t\t\t\t\t\t<\/div>\n\t\t\t\t\t\t<\/div>\n\t\t\t\t<\/div>\n\t\t\t\t<div class=\"elementor-element elementor-element-eacaa3d elementor-widget elementor-widget-heading\" data-id=\"eacaa3d\" data-element_type=\"widget\" data-widget_type=\"heading.default\">\n\t\t\t\t<div class=\"elementor-widget-container\">\n\t\t\t<h4 class=\"elementor-heading-title elementor-size-default\">CONFER\u00caNCIA FINAL DO PROJETO \"ACTIVE, ENGAGE, CONNECT, CREATE, EMPOWER\"<\/h4>\t\t<\/div>\n\t\t\t\t<\/div>\n\t\t\t\t<div class=\"elementor-element elementor-element-cb2e961 elementor-widget elementor-widget-text-editor\" data-id=\"cb2e961\" data-element_type=\"widget\" data-widget_type=\"text-editor.default\">\n\t\t\t\t<div class=\"elementor-widget-container\">\n\t\t\t\t\t\t\t\t<div class=\"elementor-text-editor elementor-clearfix\">\n\t\t\t\t<p>DOTS com o apoio da C\u00e2mara Municipal de Portim\u00e3o e da Divis\u00e3o de Juventude e Desporto, acolheu em Portim\u00e3o no dia 13 de Abril de 2023 a confer\u00eancia final do <strong><a href=\"https:\/\/active.geacoop.org\/active-project-activities-get-started\/\">projeto ACTIVE<\/a><\/strong>, um projeto de dois anos com o objetivo de promover o interesse e o envolvimento sobre os Objetivos para a Juventude Europeia e as futuras pol\u00edticas de juventude da UE entre os jovens menos ativos e os jovens em risco de marginaliza\u00e7\u00e3o baseada em potenciais fontes de discrimina\u00e7\u00e3o atrav\u00e9s de atividades desportivas inclusivas e sustent\u00e1veis.<\/p><p>Consulte os principais resultados do projeto:<\/p><p><strong><a href=\"https:\/\/active.geacoop.org\/youth-mobility\/\">Toolkit for Coaches<\/a><\/strong><\/p><p><strong><a href=\"https:\/\/active.geacoop.org\/youth-mobility\/\">Toolkit Youth in Sports<\/a><\/strong><\/p>\t\t\t\t\t<\/div>\n\t\t\t\t\t\t<\/div>\n\t\t\t\t<\/div>\n\t\t\t\t\t\t<\/div>\n\t\t\t\t\t<\/div>\n\t\t<\/div>\n\t\t\t\t\t\t\t\t<\/div>\n\t\t\t\t\t<\/div>\n\t\t<\/section>\n\t\t\t\t<section class=\"elementor-section elementor-top-section elementor-element elementor-element-5dc1b67 elementor-section-content-top elementor-section-boxed elementor-section-height-default elementor-section-height-default\" data-id=\"5dc1b67\" data-element_type=\"section\" data-settings=\"{&quot;background_background&quot;:&quot;classic&quot;}\">\n\t\t\t\t\t\t<div class=\"elementor-container elementor-column-gap-no\">\n\t\t\t\t\t\t\t<div class=\"elementor-row\">\n\t\t\t\t\t<div class=\"elementor-column elementor-col-50 elementor-top-column elementor-element elementor-element-ab97b15\" data-id=\"ab97b15\" data-element_type=\"column\">\n\t\t\t<div class=\"elementor-column-wrap elementor-element-populated\">\n\t\t\t\t\t\t\t<div class=\"elementor-widget-wrap\">\n\t\t\t\t\t\t<div class=\"elementor-element elementor-element-40d01f6 elementor-widget elementor-widget-image\" data-id=\"40d01f6\" data-element_type=\"widget\" data-widget_type=\"image.default\">\n\t\t\t\t<div class=\"elementor-widget-container\">\n\t\t\t\t\t\t\t\t<div class=\"elementor-image\">\n\t\t\t\t\t\t\t\t\t\t\t\t<img loading=\"lazy\" decoding=\"async\" width=\"768\" height=\"302\" src=\"https:\/\/coop-dots.com\/wp-content\/uploads\/2025\/08\/YECO_Schools_LogoMain-768x302.png\" class=\"attachment-medium_large size-medium_large wp-image-2424\" alt=\"\" srcset=\"https:\/\/coop-dots.com\/wp-content\/uploads\/2025\/08\/YECO_Schools_LogoMain-768x302.png 768w, https:\/\/coop-dots.com\/wp-content\/uploads\/2025\/08\/YECO_Schools_LogoMain-300x118.png 300w, https:\/\/coop-dots.com\/wp-content\/uploads\/2025\/08\/YECO_Schools_LogoMain-1024x403.png 1024w, https:\/\/coop-dots.com\/wp-content\/uploads\/2025\/08\/YECO_Schools_LogoMain-1536x604.png 1536w, https:\/\/coop-dots.com\/wp-content\/uploads\/2025\/08\/YECO_Schools_LogoMain-18x7.png 18w, https:\/\/coop-dots.com\/wp-content\/uploads\/2025\/08\/YECO_Schools_LogoMain.png 1935w\" sizes=\"auto, (max-width: 768px) 100vw, 768px\" \/>\t\t\t\t\t\t\t\t\t\t\t\t\t\t<\/div>\n\t\t\t\t\t\t<\/div>\n\t\t\t\t<\/div>\n\t\t\t\t<div class=\"elementor-element elementor-element-2270e19 elementor-widget elementor-widget-heading\" data-id=\"2270e19\" data-element_type=\"widget\" data-widget_type=\"heading.default\">\n\t\t\t\t<div class=\"elementor-widget-container\">\n\t\t\t<h4 class=\"elementor-heading-title elementor-size-default\">yECO - \u201cYOUTH-LED ECO COOMUNITY PROJECTS FOR PREVENTION OF SCHOOL DROP-OUTS\u201d<\/h4>\t\t<\/div>\n\t\t\t\t<\/div>\n\t\t\t\t<div class=\"elementor-element elementor-element-f155e32 elementor-widget elementor-widget-text-editor\" data-id=\"f155e32\" data-element_type=\"widget\" data-widget_type=\"text-editor.default\">\n\t\t\t\t<div class=\"elementor-widget-container\">\n\t\t\t\t\t\t\t\t<div class=\"elementor-text-editor elementor-clearfix\">\n\t\t\t\t<p data-start=\"57\" data-end=\"432\">O abandono escolar \u00e9 um problema grave na Europa, ligado \u00e0 pobreza, emigra\u00e7\u00e3o, bullying e exclus\u00e3o social, persistindo apesar das reformas educativas. O projeto YECO pretende envolver jovens em projetos sociais e ambientais, criando ambientes escolares mais inclusivos e motivadores, em linha com a meta da UE de reduzir o abandono para menos de 9% at\u00e9 2030.<\/p><p data-start=\"434\" data-end=\"740\">Valoriza a liga\u00e7\u00e3o entre educa\u00e7\u00e3o formal e n\u00e3o formal, capacitando jovens e trabalhadores da juventude atrav\u00e9s de um toolkit, um curso online e um curr\u00edculo inovador. O objetivo \u00e9 partilhar boas pr\u00e1ticas entre pa\u00edses europeus e multiplicar solu\u00e7\u00f5es eficazes para combater o abandono escolar.<\/p><p>Consulte os resultados do projeto:<\/p><p><strong>Curriculum <a href=\"https:\/\/coop-dots.com\/wp-content\/uploads\/2025\/08\/EN-2025-YECO-Schools-Curriculum-1_compressed-1.pdf\">EN<\/a>, <a href=\"https:\/\/coop-dots.com\/wp-content\/uploads\/2025\/08\/PT-2025-YECO-Schools-Curriculum-1-1_compressed.pdf\">PT<\/a>, <a href=\"https:\/\/coop-dots.com\/wp-content\/uploads\/2025\/08\/HR-YECO-Schools-Curriculum-HR-Version-1_compressed.pdf\">HR<\/a>, <a href=\"https:\/\/coop-dots.com\/wp-content\/uploads\/2025\/08\/IT-YECO-Schools-Curriculum-IT-version-1_compressed.pdf\">IT<\/a>, <a href=\"https:\/\/coop-dots.com\/wp-content\/uploads\/2025\/08\/RS-2025-YECO-Schools-Curriculum-1_compressed.pdf\">RS<\/a><\/strong><\/p><p><strong>Toolkit <a href=\"https:\/\/coop-dots.com\/wp-content\/uploads\/2025\/08\/EN-YECO-Schools-Toolkit_compressed.pdf\">EN<\/a>, <a href=\"https:\/\/coop-dots.com\/wp-content\/uploads\/2025\/08\/PT_YECO-Schools-Toolkit_PT-version_compressed-1.pdf\">PT<\/a>, <a href=\"https:\/\/coop-dots.com\/wp-content\/uploads\/2025\/08\/HR-YECO-Schools-Toolkit-HR-Version_compressed.pdf\">HR<\/a>, <a href=\"https:\/\/coop-dots.com\/wp-content\/uploads\/2025\/08\/IT-yECO-Schools-Toolkit-IT-Version_compressed.pdf\">IT<\/a>, <a href=\"https:\/\/coop-dots.com\/wp-content\/uploads\/2025\/08\/RS-YECO-Schools-Toolkit-RS-Version_compressed.pdf\">RS<\/a><\/strong><\/p><p><strong>Online course <a href=\"https:\/\/lab.learning-library.net\/courses\/linkdmt-organising-eco-community-projects\/\">EN<\/a>, <a href=\"https:\/\/lab.learning-library.net\/courses\/linkdmt-organizar-projectos-eco-comunitarios\/\">PT<\/a>, <a href=\"https:\/\/lab.learning-library.net\/courses\/linkdmt-organiziranje-eko-projekata-zajednice\/\">HR<\/a>, <a href=\"https:\/\/lab.learning-library.net\/courses\/linkdmt-organizzare-ecoprogetti-di-comunita\/\">IT<\/a>, <a href=\"https:\/\/lab.learning-library.net\/courses\/linkdmt-organizovanje-eko-projekata-zajednice-rs\/\">RS<\/a><\/strong><\/p><p>\u00a0<\/p>\t\t\t\t\t<\/div>\n\t\t\t\t\t\t<\/div>\n\t\t\t\t<\/div>\n\t\t\t\t\t\t<\/div>\n\t\t\t\t\t<\/div>\n\t\t<\/div>\n\t\t\t\t<div class=\"elementor-column elementor-col-50 elementor-top-column elementor-element elementor-element-371ebf1\" data-id=\"371ebf1\" data-element_type=\"column\">\n\t\t\t<div class=\"elementor-column-wrap elementor-element-populated\">\n\t\t\t\t\t\t\t<div class=\"elementor-widget-wrap\">\n\t\t\t\t\t\t<div class=\"elementor-element elementor-element-3c842a8 elementor-widget elementor-widget-text-editor\" data-id=\"3c842a8\" data-element_type=\"widget\" data-widget_type=\"text-editor.default\">\n\t\t\t\t<div class=\"elementor-widget-container\">\n\t\t\t\t\t\t\t\t<div class=\"elementor-text-editor elementor-clearfix\">\n\t\t\t\t\t\t\t\t\t<\/div>\n\t\t\t\t\t\t<\/div>\n\t\t\t\t<\/div>\n\t\t\t\t\t\t<\/div>\n\t\t\t\t\t<\/div>\n\t\t<\/div>\n\t\t\t\t\t\t\t\t<\/div>\n\t\t\t\t\t<\/div>\n\t\t<\/section>\n\t\t\t\t<section class=\"elementor-section elementor-top-section elementor-element elementor-element-3697d171 elementor-section-boxed elementor-section-height-default elementor-section-height-default\" data-id=\"3697d171\" data-element_type=\"section\" data-settings=\"{&quot;background_background&quot;:&quot;classic&quot;}\">\n\t\t\t\t\t\t<div class=\"elementor-container elementor-column-gap-default\">\n\t\t\t\t\t\t\t<div class=\"elementor-row\">\n\t\t\t\t\t<div class=\"elementor-column elementor-col-25 elementor-top-column elementor-element elementor-element-52a6b6d\" data-id=\"52a6b6d\" data-element_type=\"column\">\n\t\t\t<div class=\"elementor-column-wrap\">\n\t\t\t\t\t\t\t<div class=\"elementor-widget-wrap\">\n\t\t\t\t\t\t\t\t<\/div>\n\t\t\t\t\t<\/div>\n\t\t<\/div>\n\t\t\t\t<div class=\"elementor-column elementor-col-25 elementor-top-column elementor-element elementor-element-1f06b9f5\" data-id=\"1f06b9f5\" data-element_type=\"column\">\n\t\t\t<div class=\"elementor-column-wrap elementor-element-populated\">\n\t\t\t\t\t\t\t<div class=\"elementor-widget-wrap\">\n\t\t\t\t\t\t<div class=\"elementor-element elementor-element-880248f elementor-widget elementor-widget-heading\" data-id=\"880248f\" data-element_type=\"widget\" data-widget_type=\"heading.default\">\n\t\t\t\t<div class=\"elementor-widget-container\">\n\t\t\t<h3 class=\"elementor-heading-title elementor-size-default\">Siga-nos nas nossas redes sociais para estar sempre atualizado.<\/h3>\t\t<\/div>\n\t\t\t\t<\/div>\n\t\t\t\t\t\t<\/div>\n\t\t\t\t\t<\/div>\n\t\t<\/div>\n\t\t\t\t<div class=\"elementor-column elementor-col-25 elementor-top-column elementor-element elementor-element-462a1741\" data-id=\"462a1741\" data-element_type=\"column\">\n\t\t\t<div class=\"elementor-column-wrap elementor-element-populated\">\n\t\t\t\t\t\t\t<div class=\"elementor-widget-wrap\">\n\t\t\t\t\t\t<div class=\"elementor-element elementor-element-39302541 elementor-align-center elementor-widget elementor-widget-button\" data-id=\"39302541\" data-element_type=\"widget\" data-widget_type=\"button.default\">\n\t\t\t\t<div class=\"elementor-widget-container\">\n\t\t\t\t\t<div class=\"elementor-button-wrapper\">\n\t\t\t<a href=\"https:\/\/coop-dots.com\/pt\/contact\/\" class=\"elementor-button-link elementor-button elementor-size-sm\" role=\"button\">\n\t\t\t\t\t\t<span class=\"elementor-button-content-wrapper\">\n\t\t\t\t\t\t<span class=\"elementor-button-text\">Saiba mais<\/span>\n\t\t<\/span>\n\t\t\t\t\t<\/a>\n\t\t<\/div>\n\t\t\t\t<\/div>\n\t\t\t\t<\/div>\n\t\t\t\t\t\t<\/div>\n\t\t\t\t\t<\/div>\n\t\t<\/div>\n\t\t\t\t<div class=\"elementor-column elementor-col-25 elementor-top-column elementor-element elementor-element-1bdb1ef4\" data-id=\"1bdb1ef4\" data-element_type=\"column\">\n\t\t\t<div class=\"elementor-column-wrap\">\n\t\t\t\t\t\t\t<div class=\"elementor-widget-wrap\">\n\t\t\t\t\t\t\t\t<\/div>\n\t\t\t\t\t<\/div>\n\t\t<\/div>\n\t\t\t\t\t\t\t\t<\/div>\n\t\t\t\t\t<\/div>\n\t\t<\/section>\n\t\t\t\t<section class=\"elementor-section elementor-top-section elementor-element elementor-element-c2a7133 elementor-section-boxed elementor-section-height-default elementor-section-height-default\" data-id=\"c2a7133\" data-element_type=\"section\">\n\t\t\t\t\t\t<div class=\"elementor-container elementor-column-gap-default\">\n\t\t\t\t\t\t\t<div class=\"elementor-row\">\n\t\t\t\t\t<div class=\"elementor-column elementor-col-100 elementor-top-column elementor-element elementor-element-366d14b\" data-id=\"366d14b\" data-element_type=\"column\">\n\t\t\t<div class=\"elementor-column-wrap elementor-element-populated\">\n\t\t\t\t\t\t\t<div class=\"elementor-widget-wrap\">\n\t\t\t\t\t\t<div class=\"elementor-element elementor-element-c0492a5 elementor-shape-rounded elementor-grid-0 e-grid-align-center elementor-widget elementor-widget-social-icons\" data-id=\"c0492a5\" data-element_type=\"widget\" data-widget_type=\"social-icons.default\">\n\t\t\t\t<div class=\"elementor-widget-container\">\n\t\t\t\t\t<div class=\"elementor-social-icons-wrapper elementor-grid\">\n\t\t\t\t\t\t\t<span class=\"elementor-grid-item\">\n\t\t\t\t\t<a class=\"elementor-icon elementor-social-icon elementor-social-icon-facebook elementor-repeater-item-b5d2f55\" href=\"https:\/\/www.facebook.com\/DOTS.coop\" target=\"_blank\">\n\t\t\t\t\t\t<span class=\"elementor-screen-only\">Facebook<\/span>\n\t\t\t\t\t\t<i class=\"fab fa-facebook\"><\/i>\t\t\t\t\t<\/a>\n\t\t\t\t<\/span>\n\t\t\t\t\t\t\t<span class=\"elementor-grid-item\">\n\t\t\t\t\t<a class=\"elementor-icon elementor-social-icon elementor-social-icon-instagram elementor-repeater-item-f2031b0\" href=\"https:\/\/www.instagram.com\/coopdots\/?fbclid=IwAR2rdSPs9TwuEbgm_EYYK6-sKSXVtT0sj42-8HGkrk9bwpYSkAHOnsNTsvo\" target=\"_blank\">\n\t\t\t\t\t\t<span class=\"elementor-screen-only\">Instagram<\/span>\n\t\t\t\t\t\t<i class=\"fab fa-instagram\"><\/i>\t\t\t\t\t<\/a>\n\t\t\t\t<\/span>\n\t\t\t\t\t<\/div>\n\t\t\t\t<\/div>\n\t\t\t\t<\/div>\n\t\t\t\t\t\t<\/div>\n\t\t\t\t\t<\/div>\n\t\t<\/div>\n\t\t\t\t\t\t\t\t<\/div>\n\t\t\t\t\t<\/div>\n\t\t<\/section>\n\t\t\t\t\t\t\t\t\t<\/div>\n\t\t\t<\/div>\n\t\t\t\t\t<\/div>","protected":false},"excerpt":{"rendered":"<p>Projects &#8220;EASY AND APPEALING ONLINE\/DIGITAL EDUCATION FOR YOUTH WORK WITH MARGINALISED YOUNGSTERS AND THEIR PARENTS&#8221; The project is aimed at improving the digital skills of young people with marginalised backgrounds (and their parents). We also aim to encourage and empower more youth workers to organise easy and attractive online\/digital education activities for marginalised youth, in [&hellip;]<\/p>","protected":false},"author":1,"featured_media":0,"parent":0,"menu_order":0,"comment_status":"closed","ping_status":"closed","template":"","meta":{"site-sidebar-layout":"no-sidebar","site-content-layout":"page-builder","ast-site-content-layout":"default","site-content-style":"default","site-sidebar-style":"default","ast-global-header-display":"","ast-banner-title-visibility":"","ast-main-header-display":"","ast-hfb-above-header-display":"","ast-hfb-below-header-display":"","ast-hfb-mobile-header-display":"","site-post-title":"disabled","ast-breadcrumbs-content":"","ast-featured-img":"disabled","footer-sml-layout":"","ast-disable-related-posts":"","theme-transparent-header-meta":"enabled","adv-header-id-meta":"","stick-header-meta":"","header-above-stick-meta":"","header-main-stick-meta":"","header-below-stick-meta":"","astra-migrate-meta-layouts":"default","ast-page-background-enabled":"default","ast-page-background-meta":{"desktop":{"background-color":"var(--ast-global-color-4)","background-image":"","background-repeat":"repeat","background-position":"center center","background-size":"auto","background-attachment":"scroll","background-type":"","background-media":"","overlay-type":"","overlay-color":"","overlay-opacity":"","overlay-gradient":""},"tablet":{"background-color":"","background-image":"","background-repeat":"repeat","background-position":"center center","background-size":"auto","background-attachment":"scroll","background-type":"","background-media":"","overlay-type":"","overlay-color":"","overlay-opacity":"","overlay-gradient":""},"mobile":{"background-color":"","background-image":"","background-repeat":"repeat","background-position":"center center","background-size":"auto","background-attachment":"scroll","background-type":"","background-media":"","overlay-type":"","overlay-color":"","overlay-opacity":"","overlay-gradient":""}},"ast-content-background-meta":{"desktop":{"background-color":"var(--ast-global-color-5)","background-image":"","background-repeat":"repeat","background-position":"center center","background-size":"auto","background-attachment":"scroll","background-type":"","background-media":"","overlay-type":"","overlay-color":"","overlay-opacity":"","overlay-gradient":""},"tablet":{"background-color":"var(--ast-global-color-5)","background-image":"","background-repeat":"repeat","background-position":"center center","background-size":"auto","background-attachment":"scroll","background-type":"","background-media":"","overlay-type":"","overlay-color":"","overlay-opacity":"","overlay-gradient":""},"mobile":{"background-color":"var(--ast-global-color-5)","background-image":"","background-repeat":"repeat","background-position":"center center","background-size":"auto","background-attachment":"scroll","background-type":"","background-media":"","overlay-type":"","overlay-color":"","overlay-opacity":"","overlay-gradient":""}},"_ti_tpc_template_sync":false,"_ti_tpc_template_id":"","footnotes":""},"class_list":["post-9","page","type-page","status-publish","hentry"],"_links":{"self":[{"href":"https:\/\/coop-dots.com\/pt\/wp-json\/wp\/v2\/pages\/9","targetHints":{"allow":["GET"]}}],"collection":[{"href":"https:\/\/coop-dots.com\/pt\/wp-json\/wp\/v2\/pages"}],"about":[{"href":"https:\/\/coop-dots.com\/pt\/wp-json\/wp\/v2\/types\/page"}],"author":[{"embeddable":true,"href":"https:\/\/coop-dots.com\/pt\/wp-json\/wp\/v2\/users\/1"}],"replies":[{"embeddable":true,"href":"https:\/\/coop-dots.com\/pt\/wp-json\/wp\/v2\/comments?post=9"}],"version-history":[{"count":45,"href":"https:\/\/coop-dots.com\/pt\/wp-json\/wp\/v2\/pages\/9\/revisions"}],"predecessor-version":[{"id":2510,"href":"https:\/\/coop-dots.com\/pt\/wp-json\/wp\/v2\/pages\/9\/revisions\/2510"}],"wp:attachment":[{"href":"https:\/\/coop-dots.com\/pt\/wp-json\/wp\/v2\/media?parent=9"}],"curies":[{"name":"wp","href":"https:\/\/api.w.org\/{rel}","templated":true}]}}